{"id":245,"date":"2021-04-19T11:16:00","date_gmt":"2021-04-19T10:16:00","guid":{"rendered":"https:\/\/shg-erektionsstoerungen-koeln.de\/?page_id=245"},"modified":"2021-05-31T16:09:11","modified_gmt":"2021-05-31T15:09:11","slug":"nutzliche-adressen","status":"publish","type":"page","link":"https:\/\/shg-erektionsstoerungen-koeln.de\/?page_id=245","title":{"rendered":"Info Adressen"},"content":{"rendered":"<p><strong><span style=\"color: #333399;\">i<\/span><\/strong><strong><span style=\"color: #333399;\">n K\u00f6ln und Umgebung<\/span><\/strong><\/p>\n<p><strong><span style=\"color: #800000;\"><span style=\"color: #000000;\"><span style=\"text-decoration: underline;\">Medizinische Beratung<\/span><\/span><\/span><\/strong><\/p>\n<p><a href=\"http:\/\/urologie.uk-koeln.de\/\"><strong><span style=\"color: #3366ff;\">Klinik und Poliklinik f\u00fcr Urologie<\/span><\/strong><\/a>, Universit\u00e4t zu K\u00f6ln<br \/>\nKerpener Str. 62, Geb\u00e4ude Nr. 18a&nbsp; &#8211; Bettenhaus<br \/>\nK\u00f6ln-Lindenthal &nbsp; Telefon: &nbsp;0221 478-82094<\/p>\n<p><a href=\"http:\/\/www.kliniken-koeln.de\/Holweide_Urologie_Startseite.htm\"><strong><span style=\"color: #3366ff;\">Krankenhaus Holweide<\/span><\/strong><\/a>, Abteilung Urologie<br \/>\nNeufelder Str. 32, &nbsp; 51067 K\u00f6ln, &nbsp; Tel. 0221 8907-2701<\/p>\n<p><span style=\"color: #3366ff;\"><strong><a href=\"http:\/\/www.ukb.uni-bonn.de\/42256BC8002AF3E7\/vwWebPagesByID\/FA62DF1E38CBD18CC125756D004F2B5C\"><span style=\"color: #3366ff;\">Klinik und Poliklinik f\u00fcr Urologie<\/span><\/a><\/strong><\/span>, Universit\u00e4tsklinikum Bonn<br \/>\nSigmund-Freud-Str. 25, &nbsp; 53105 Bonn, &nbsp; Tel. 0228 287 14180 oder 14181<\/p>\n<p><a href=\"http:\/\/www.uniklinik-duesseldorf.de\/urologie\"><strong><span style=\"color: #3366ff;\">Urologische Klinik<\/span><\/strong><\/a>, Universit\u00e4tsklinikum D\u00fcsseldorf<br \/>\nMoorenstr. 5, &nbsp; 40225 D\u00fcsseldorf, &nbsp; Tel. 0211 8118110<\/p>\n<p><span style=\"color: #3366ff;\"><strong><a href=\"http:\/\/www.paracelsus-kliniken.de\/duesseldorf.html\"><span style=\"color: #3366ff;\">Paracelsus Klinik Golzheim<\/span><\/a><\/strong><\/span><br \/>\nFriedrich-Lau-Str. 11, &nbsp; 40474 D\u00fcsseldorf, &nbsp; Tel. 0211 4386-170<\/p>\n<p><span style=\"color: #993300;\"><strong><span style=\"color: #800000;\"><span style=\"color: #000000;\"><span style=\"text-decoration: underline;\">Psychologische Beratung<\/span><\/span><\/span><\/strong><\/span><\/p>\n<p><span style=\"color: #000000;\"><strong>pro familia Beratungsstellen in K\u00f6ln:<\/strong><\/span><\/p>\n<p><span style=\"color: #3366ff;\"><strong><a href=\"http:\/\/www.profamilia.de\/angebote-vor-ort\/nordrhein-westfalen\/koeln-zentrum.html\"><span style=\"color: #3366ff;\">K\u00f6ln-Zentrum<\/span><\/a><\/strong><\/span><br \/>\nHansaring 84, &nbsp; 50670 K\u00f6ln<br \/>\nTelefon: 0221 &#8211; 122087<\/p>\n<p><span style=\"color: #3366ff;\"><strong><a href=\"http:\/\/www.profamilia.de\/angebote-vor-ort\/nordrhein-westfalen\/koeln-chorweiler.html\"><span style=\"color: #3366ff;\">K\u00f6ln-Chorweiler<\/span><\/a><\/strong><\/span><br \/>\nAthener Ring 3b, &nbsp; 50765 K\u00f6ln<br \/>\nTelefon: 0221 &#8211; 70 35 11<\/p>\n<p>Weitere Beratungsstellen im Umkreis stehen auf <a href=\"http:\/\/www.profamilia.de\/outputdb\/10Beratungsstellen_&amp;_Med._Zentren\/10\/354\"><strong><span style=\"color: #3366ff;\">dieser Seite<\/span><\/strong><\/a> von pro familia.<\/p>\n<p><a href=\"http:\/\/www.kirche-koeln.de\/organisation\/aemteinrwerke.php?id=1\"><strong><span style=\"color: #3366ff;\">Evangelische Beratungsstelle f\u00fcr Kinder, Jugendliche und Erwachsene<\/span><\/strong><\/a><br \/>\nTunisstra\u00dfe 3, &nbsp; 50667 K\u00f6ln<br \/>\nTelefon: 0221-2577461<\/p>\n<p><a href=\"http:\/\/www.efl-koeln.de\"><strong><span style=\"color: #3366ff;\">Katholische EFL (= Ehe-, Familien- und Lebensberatung)<\/span><\/strong><\/a> Beratungsstelle K\u00f6ln<br \/>\nSteinweg 12, &nbsp; 50667 K\u00f6ln<br \/>\nTelefon: 0221 &#8211; 2051515<\/p>\n<p><a href=\"http:\/\/www.efl-porz.de\"><strong><span style=\"color: #3366ff;\">Kath. Beratungsstelle F\u00fcr Ehe-, Familien- und Lebensfragen<\/span><\/strong><\/a><br \/>\nFriedrich-Ebert-Ufer 54, 51143 K\u00f6ln (Porz)<br \/>\nTelefon: 02203-52636<\/p>\n<p><strong><span style=\"color: #800000;\"><span style=\"color: #000000;\"><span style=\"text-decoration: underline;\">Selbsthilfe<\/span><\/span><\/span><\/strong><\/p>\n<p><a href=\"http:\/\/www.gesundheitsladen-koeln.de\/\"><strong><span style=\"color: #3366ff;\">gesundheitsladen k\u00f6ln e.v.<\/span><\/strong><\/a><br \/>\nSteinkopfstra\u00dfe 2,&nbsp; &nbsp;51065 K\u00f6ln<br \/>\nTelefon: 0221-328724<\/p>\n<p>Der gesundheitsladen k\u00f6ln e.v. ist ein Informations- und Kommunikationszentrum f\u00fcr alle Fragen rund um Gesundheitswesen und Gesundheit. Der Verein setzt sich besonders f\u00fcr die Belange von Patientinnen und Patienten ein.<\/p>\n<p><a href=\"http:\/\/www.selbsthilfekoeln.de\/\"><strong><span style=\"color: #3366ff;\">Selbsthilfe-Kontaktstelle K\u00f6ln<\/span><\/strong><\/a><br \/>\nMarsilstein 4-6, &nbsp; 50676 K\u00f6ln<br \/>\nTelefon: 0221 \u2013 95154216 und 95154223<\/p>\n<p>Informationen, Beratung oder Unterst\u00fctzung zum Thema Selbsthilfe in K\u00f6ln.<br \/>\nDie Selbsthilfe-Kontaktstelle ist eine regional arbeitende professionelle Einrichtung zur Anregung, F\u00f6rderung, Unterst\u00fctzung und Verbreitung der Selbsthilfe in K\u00f6ln.<\/p>\n","protected":false},"excerpt":{"rendered":"<p>in K\u00f6ln und Umgebung Medizinische Beratung Klinik und Poliklinik f\u00fcr Urologie, Universit\u00e4t zu K\u00f6ln Kerpener Str. 62, Geb\u00e4ude Nr. 18a&nbsp; &#8211; Bettenhaus K\u00f6ln-Lindenthal &nbsp; Telefon: &nbsp;0221 478-82094 Krankenhaus Holweide, Abteilung Urologie Neufelder Str. 32, &nbsp; 51067 K\u00f6ln, &nbsp; Tel. 0221 8907-2701 Klinik und Poliklinik f\u00fcr Urologie, Universit\u00e4tsklinikum Bonn Sigmund-Freud-Str. 25, &nbsp; 53105 Bonn, &nbsp; Tel. [&hellip;]<\/p>\n","protected":false},"author":1,"featured_media":0,"parent":0,"menu_order":4,"comment_status":"closed","ping_status":"closed","template":"","meta":{"footnotes":""},"class_list":["post-245","page","type-page","status-publish","hentry"],"_links":{"self":[{"href":"https:\/\/shg-erektionsstoerungen-koeln.de\/index.php?rest_route=\/wp\/v2\/pages\/245","targetHints":{"allow":["GET"]}}],"collection":[{"href":"https:\/\/shg-erektionsstoerungen-koeln.de\/index.php?rest_route=\/wp\/v2\/pages"}],"about":[{"href":"https:\/\/shg-erektionsstoerungen-koeln.de\/index.php?rest_route=\/wp\/v2\/types\/page"}],"author":[{"embeddable":true,"href":"https:\/\/shg-erektionsstoerungen-koeln.de\/index.php?rest_route=\/wp\/v2\/users\/1"}],"replies":[{"embeddable":true,"href":"https:\/\/shg-erektionsstoerungen-koeln.de\/index.php?rest_route=%2Fwp%2Fv2%2Fcomments&post=245"}],"version-history":[{"count":29,"href":"https:\/\/shg-erektionsstoerungen-koeln.de\/index.php?rest_route=\/wp\/v2\/pages\/245\/revisions"}],"predecessor-version":[{"id":1287,"href":"https:\/\/shg-erektionsstoerungen-koeln.de\/index.php?rest_route=\/wp\/v2\/pages\/245\/revisions\/1287"}],"wp:attachment":[{"href":"https:\/\/shg-erektionsstoerungen-koeln.de\/index.php?rest_route=%2Fwp%2Fv2%2Fmedia&parent=245"}],"curies":[{"name":"wp","href":"https:\/\/api.w.org\/{rel}","templated":true}]}}